{"id":1025,"date":"2023-09-11T18:27:18","date_gmt":"2023-09-11T18:27:18","guid":{"rendered":"http:\/\/www.fmiperu.com\/?page_id=1025"},"modified":"2024-02-20T20:53:06","modified_gmt":"2024-02-20T20:53:06","slug":"montaje","status":"publish","type":"page","link":"https:\/\/www.fmiperu.com\/?page_id=1025","title":{"rendered":"Montaje"},"content":{"rendered":"\t\t<div data-elementor-type=\"wp-page\" data-elementor-id=\"1025\" class=\"elementor elementor-1025\">\n\t\t\t\t\t\t<section class=\"elementor-section elementor-top-section elementor-element elementor-element-c8d1405 elementor-section-boxed elementor-section-height-default elementor-section-height-default\" data-id=\"c8d1405\" data-element_type=\"section\" data-e-type=\"section\" data-settings=\"{&quot;background_background&quot;:&quot;classic&quot;}\">\n\t\t\t\t\t\t\t<div class=\"elementor-background-overlay\"><\/div>\n\t\t\t\t\t\t\t<div class=\"elementor-container elementor-column-gap-no\">\n\t\t\t\t\t<div class=\"elementor-column elementor-col-100 elementor-top-column elementor-element elementor-element-6321077\" data-id=\"6321077\" data-element_type=\"column\" data-e-type=\"column\">\n\t\t\t<div class=\"elementor-widget-wrap elementor-element-populated\">\n\t\t\t\t\t\t<div class=\"elementor-element elementor-element-c74a706 elementor-widget elementor-widget-heading\" data-id=\"c74a706\" data-element_type=\"widget\" data-e-type=\"widget\" data-widget_type=\"heading.default\">\n\t\t\t\t<div class=\"elementor-widget-container\">\n\t\t\t\t\t<h1 class=\"elementor-heading-title elementor-size-default\">Servicios<\/h1>\t\t\t\t<\/div>\n\t\t\t\t<\/div>\n\t\t\t\t\t<\/div>\n\t\t<\/div>\n\t\t\t\t\t<\/div>\n\t\t<\/section>\n\t\t\t\t<section class=\"elementor-section elementor-top-section elementor-element elementor-element-8338eba elementor-section-boxed elementor-section-height-default elementor-section-height-default\" data-id=\"8338eba\" data-element_type=\"section\" data-e-type=\"section\" data-settings=\"{&quot;background_background&quot;:&quot;classic&quot;}\">\n\t\t\t\t\t\t\t<div class=\"elementor-background-overlay\"><\/div>\n\t\t\t\t\t\t\t<div class=\"elementor-container elementor-column-gap-no\">\n\t\t\t\t\t<div class=\"elementor-column elementor-col-100 elementor-top-column elementor-element elementor-element-0537fad\" data-id=\"0537fad\" data-element_type=\"column\" data-e-type=\"column\">\n\t\t\t<div class=\"elementor-widget-wrap elementor-element-populated\">\n\t\t\t\t\t\t<div class=\"elementor-element elementor-element-2f69a3c elementor-widget elementor-widget-heading\" data-id=\"2f69a3c\" data-element_type=\"widget\" data-e-type=\"widget\" data-widget_type=\"heading.default\">\n\t\t\t\t<div class=\"elementor-widget-container\">\n\t\t\t\t\t<h1 class=\"elementor-heading-title elementor-size-default\">Montaje de L\u00edneas<\/h1>\t\t\t\t<\/div>\n\t\t\t\t<\/div>\n\t\t\t\t<div class=\"elementor-element elementor-element-b090d03 elementor-widget elementor-widget-heading\" data-id=\"b090d03\" data-element_type=\"widget\" data-e-type=\"widget\" data-widget_type=\"heading.default\">\n\t\t\t\t<div class=\"elementor-widget-container\">\n\t\t\t\t\t<h6 class=\"elementor-heading-title elementor-size-default\">Fabricaci\u00f3n de Equipos y Repuestos<\/h6>\t\t\t\t<\/div>\n\t\t\t\t<\/div>\n\t\t\t\t<div class=\"elementor-element elementor-element-003b824 elementor-widget elementor-widget-heading\" data-id=\"003b824\" data-element_type=\"widget\" data-e-type=\"widget\" data-widget_type=\"heading.default\">\n\t\t\t\t<div class=\"elementor-widget-container\">\n\t\t\t\t\t<h5 class=\"elementor-heading-title elementor-size-default\">Realizamos montaje en diversas l\u00edneas de producci\u00f3n como Chancado, Molienda, Flotaci\u00f3n, Filtrado, etc.<\/h5>\t\t\t\t<\/div>\n\t\t\t\t<\/div>\n\t\t\t\t<section class=\"elementor-section elementor-inner-section elementor-element elementor-element-2dab0cf elementor-section-content-middle elementor-section-boxed elementor-section-height-default elementor-section-height-default\" data-id=\"2dab0cf\" data-element_type=\"section\" data-e-type=\"section\">\n\t\t\t\t\t\t<div class=\"elementor-container elementor-column-gap-no\">\n\t\t\t\t\t<div class=\"elementor-column elementor-col-100 elementor-inner-column elementor-element elementor-element-68ec989\" data-id=\"68ec989\" data-element_type=\"column\" data-e-type=\"column\">\n\t\t\t<div class=\"elementor-widget-wrap elementor-element-populated\">\n\t\t\t\t\t\t<div class=\"elementor-element elementor-element-cf1a18e gallery-spacing-custom elementor-widget elementor-widget-image-gallery\" data-id=\"cf1a18e\" data-element_type=\"widget\" data-e-type=\"widget\" data-widget_type=\"image-gallery.default\">\n\t\t\t\t<div class=\"elementor-widget-container\">\n\t\t\t\t\t\t\t<div class=\"elementor-image-gallery\">\n\t\t\t<div id='gallery-1' class='gallery galleryid-1025 gallery-columns-3 gallery-size-medium'><figure class='gallery-item'>\n\t\t\t<div class='gallery-icon landscape'>\n\t\t\t\t<a data-elementor-open-lightbox=\"yes\" data-elementor-lightbox-slideshow=\"cf1a18e\" data-elementor-lightbox-title=\"RetocadaFabrucacion y montaje de Feddwell de espesador de 32 metros Shouxin.jpg NUEVO\" data-e-action-hash=\"#elementor-action%3Aaction%3Dlightbox%26settings%3DeyJpZCI6MTM4OCwidXJsIjoiaHR0cHM6XC9cL3d3dy5mbWlwZXJ1LmNvbVwvd3AtY29udGVudFwvdXBsb2Fkc1wvMjAyM1wvMTBcL1JldG9jYWRhRmFicnVjYWNpb24teS1tb250YWplLWRlLUZlZGR3ZWxsLWRlLWVzcGVzYWRvci1kZS0zMi1tZXRyb3MtU2hvdXhpbi5qcGctTlVFVk8uanBnIiwic2xpZGVzaG93IjoiY2YxYTE4ZSJ9\" href='https:\/\/www.fmiperu.com\/wp-content\/uploads\/2023\/10\/RetocadaFabrucacion-y-montaje-de-Feddwell-de-espesador-de-32-metros-Shouxin.jpg-NUEVO.jpg'><img fetchpriority=\"high\" decoding=\"async\" width=\"300\" height=\"200\" src=\"https:\/\/www.fmiperu.com\/wp-content\/uploads\/2023\/10\/RetocadaFabrucacion-y-montaje-de-Feddwell-de-espesador-de-32-metros-Shouxin.jpg-NUEVO-300x200.jpg\" class=\"attachment-medium size-medium\" alt=\"\" srcset=\"https:\/\/www.fmiperu.com\/wp-content\/uploads\/2023\/10\/RetocadaFabrucacion-y-montaje-de-Feddwell-de-espesador-de-32-metros-Shouxin.jpg-NUEVO-300x200.jpg 300w, https:\/\/www.fmiperu.com\/wp-content\/uploads\/2023\/10\/RetocadaFabrucacion-y-montaje-de-Feddwell-de-espesador-de-32-metros-Shouxin.jpg-NUEVO.jpg 600w\" sizes=\"(max-width: 300px) 100vw, 300px\" \/><\/a>\n\t\t\t<\/div><\/figure><figure class='gallery-item'>\n\t\t\t<div class='gallery-icon landscape'>\n\t\t\t\t<a data-elementor-open-lightbox=\"yes\" data-elementor-lightbox-slideshow=\"cf1a18e\" data-elementor-lightbox-title=\"02\" data-e-action-hash=\"#elementor-action%3Aaction%3Dlightbox%26settings%3DeyJpZCI6MTAzMiwidXJsIjoiaHR0cHM6XC9cL3d3dy5mbWlwZXJ1LmNvbVwvd3AtY29udGVudFwvdXBsb2Fkc1wvMjAyM1wvMDlcLzAyLTMuanBnIiwic2xpZGVzaG93IjoiY2YxYTE4ZSJ9\" href='https:\/\/www.fmiperu.com\/wp-content\/uploads\/2023\/09\/02-3.jpg'><img decoding=\"async\" width=\"300\" height=\"200\" src=\"https:\/\/www.fmiperu.com\/wp-content\/uploads\/2023\/09\/02-3-300x200.jpg\" class=\"attachment-medium size-medium\" alt=\"\" srcset=\"https:\/\/www.fmiperu.com\/wp-content\/uploads\/2023\/09\/02-3-300x200.jpg 300w, https:\/\/www.fmiperu.com\/wp-content\/uploads\/2023\/09\/02-3.jpg 600w\" sizes=\"(max-width: 300px) 100vw, 300px\" \/><\/a>\n\t\t\t<\/div><\/figure><figure class='gallery-item'>\n\t\t\t<div class='gallery-icon landscape'>\n\t\t\t\t<a data-elementor-open-lightbox=\"yes\" data-elementor-lightbox-slideshow=\"cf1a18e\" data-elementor-lightbox-title=\"RetocadoMecanismo Celda RCS70\" data-e-action-hash=\"#elementor-action%3Aaction%3Dlightbox%26settings%3DeyJpZCI6MTM5NiwidXJsIjoiaHR0cHM6XC9cL3d3dy5mbWlwZXJ1LmNvbVwvd3AtY29udGVudFwvdXBsb2Fkc1wvMjAyM1wvMTBcL1JldG9jYWRvTWVjYW5pc21vLUNlbGRhLVJDUzcwLmpwZyIsInNsaWRlc2hvdyI6ImNmMWExOGUifQ%3D%3D\" href='https:\/\/www.fmiperu.com\/wp-content\/uploads\/2023\/10\/RetocadoMecanismo-Celda-RCS70.jpg'><img decoding=\"async\" width=\"300\" height=\"200\" src=\"https:\/\/www.fmiperu.com\/wp-content\/uploads\/2023\/10\/RetocadoMecanismo-Celda-RCS70-300x200.jpg\" class=\"attachment-medium size-medium\" alt=\"\" srcset=\"https:\/\/www.fmiperu.com\/wp-content\/uploads\/2023\/10\/RetocadoMecanismo-Celda-RCS70-300x200.jpg 300w, https:\/\/www.fmiperu.com\/wp-content\/uploads\/2023\/10\/RetocadoMecanismo-Celda-RCS70.jpg 600w\" sizes=\"(max-width: 300px) 100vw, 300px\" \/><\/a>\n\t\t\t<\/div><\/figure><figure class='gallery-item'>\n\t\t\t<div class='gallery-icon landscape'>\n\t\t\t\t<a data-elementor-open-lightbox=\"yes\" data-elementor-lightbox-slideshow=\"cf1a18e\" data-elementor-lightbox-title=\"03\" data-e-action-hash=\"#elementor-action%3Aaction%3Dlightbox%26settings%3DeyJpZCI6MTAzMywidXJsIjoiaHR0cHM6XC9cL3d3dy5mbWlwZXJ1LmNvbVwvd3AtY29udGVudFwvdXBsb2Fkc1wvMjAyM1wvMDlcLzAzLTMuanBnIiwic2xpZGVzaG93IjoiY2YxYTE4ZSJ9\" href='https:\/\/www.fmiperu.com\/wp-content\/uploads\/2023\/09\/03-3.jpg'><img loading=\"lazy\" decoding=\"async\" width=\"300\" height=\"200\" src=\"https:\/\/www.fmiperu.com\/wp-content\/uploads\/2023\/09\/03-3-300x200.jpg\" class=\"attachment-medium size-medium\" alt=\"\" srcset=\"https:\/\/www.fmiperu.com\/wp-content\/uploads\/2023\/09\/03-3-300x200.jpg 300w, https:\/\/www.fmiperu.com\/wp-content\/uploads\/2023\/09\/03-3.jpg 600w\" sizes=\"(max-width: 300px) 100vw, 300px\" \/><\/a>\n\t\t\t<\/div><\/figure><figure class='gallery-item'>\n\t\t\t<div class='gallery-icon landscape'>\n\t\t\t\t<a data-elementor-open-lightbox=\"yes\" data-elementor-lightbox-slideshow=\"cf1a18e\" data-elementor-lightbox-title=\"RetocadoMecanismo Celdas RCS\" data-e-action-hash=\"#elementor-action%3Aaction%3Dlightbox%26settings%3DeyJpZCI6MTM5NywidXJsIjoiaHR0cHM6XC9cL3d3dy5mbWlwZXJ1LmNvbVwvd3AtY29udGVudFwvdXBsb2Fkc1wvMjAyM1wvMTBcL1JldG9jYWRvTWVjYW5pc21vLUNlbGRhcy1SQ1MuanBnIiwic2xpZGVzaG93IjoiY2YxYTE4ZSJ9\" href='https:\/\/www.fmiperu.com\/wp-content\/uploads\/2023\/10\/RetocadoMecanismo-Celdas-RCS.jpg'><img loading=\"lazy\" decoding=\"async\" width=\"300\" height=\"200\" src=\"https:\/\/www.fmiperu.com\/wp-content\/uploads\/2023\/10\/RetocadoMecanismo-Celdas-RCS-300x200.jpg\" class=\"attachment-medium size-medium\" alt=\"\" srcset=\"https:\/\/www.fmiperu.com\/wp-content\/uploads\/2023\/10\/RetocadoMecanismo-Celdas-RCS-300x200.jpg 300w, https:\/\/www.fmiperu.com\/wp-content\/uploads\/2023\/10\/RetocadoMecanismo-Celdas-RCS.jpg 600w\" sizes=\"(max-width: 300px) 100vw, 300px\" \/><\/a>\n\t\t\t<\/div><\/figure><figure class='gallery-item'>\n\t\t\t<div class='gallery-icon landscape'>\n\t\t\t\t<a data-elementor-open-lightbox=\"yes\" data-elementor-lightbox-slideshow=\"cf1a18e\" data-elementor-lightbox-title=\"01\" data-e-action-hash=\"#elementor-action%3Aaction%3Dlightbox%26settings%3DeyJpZCI6MTAzMSwidXJsIjoiaHR0cHM6XC9cL3d3dy5mbWlwZXJ1LmNvbVwvd3AtY29udGVudFwvdXBsb2Fkc1wvMjAyM1wvMDlcLzAxLTUuanBnIiwic2xpZGVzaG93IjoiY2YxYTE4ZSJ9\" href='https:\/\/www.fmiperu.com\/wp-content\/uploads\/2023\/09\/01-5.jpg'><img loading=\"lazy\" decoding=\"async\" width=\"300\" height=\"200\" src=\"https:\/\/www.fmiperu.com\/wp-content\/uploads\/2023\/09\/01-5-300x200.jpg\" class=\"attachment-medium size-medium\" alt=\"\" srcset=\"https:\/\/www.fmiperu.com\/wp-content\/uploads\/2023\/09\/01-5-300x200.jpg 300w, https:\/\/www.fmiperu.com\/wp-content\/uploads\/2023\/09\/01-5.jpg 600w\" sizes=\"(max-width: 300px) 100vw, 300px\" \/><\/a>\n\t\t\t<\/div><\/figure><figure class='gallery-item'>\n\t\t\t<div class='gallery-icon portrait'>\n\t\t\t\t<a data-elementor-open-lightbox=\"yes\" data-elementor-lightbox-slideshow=\"cf1a18e\" data-elementor-lightbox-title=\"Montaje 600\" data-e-action-hash=\"#elementor-action%3Aaction%3Dlightbox%26settings%3DeyJpZCI6MTYwMSwidXJsIjoiaHR0cHM6XC9cL3d3dy5mbWlwZXJ1LmNvbVwvd3AtY29udGVudFwvdXBsb2Fkc1wvMjAyNFwvMDJcL01vbnRhamUtNjAwLmpwZyIsInNsaWRlc2hvdyI6ImNmMWExOGUifQ%3D%3D\" href='https:\/\/www.fmiperu.com\/wp-content\/uploads\/2024\/02\/Montaje-600.jpg'><img loading=\"lazy\" decoding=\"async\" width=\"176\" height=\"300\" src=\"https:\/\/www.fmiperu.com\/wp-content\/uploads\/2024\/02\/Montaje-600-176x300.jpg\" class=\"attachment-medium size-medium\" alt=\"\" srcset=\"https:\/\/www.fmiperu.com\/wp-content\/uploads\/2024\/02\/Montaje-600-176x300.jpg 176w, https:\/\/www.fmiperu.com\/wp-content\/uploads\/2024\/02\/Montaje-600.jpg 352w\" sizes=\"(max-width: 176px) 100vw, 176px\" \/><\/a>\n\t\t\t<\/div><\/figure><figure class='gallery-item'>\n\t\t\t<div class='gallery-icon portrait'>\n\t\t\t\t<a data-elementor-open-lightbox=\"yes\" data-elementor-lightbox-slideshow=\"cf1a18e\" data-elementor-lightbox-title=\"Celda de flotacion600px\" data-e-action-hash=\"#elementor-action%3Aaction%3Dlightbox%26settings%3DeyJpZCI6MTYwNiwidXJsIjoiaHR0cHM6XC9cL3d3dy5mbWlwZXJ1LmNvbVwvd3AtY29udGVudFwvdXBsb2Fkc1wvMjAyNFwvMDJcL0NlbGRhLWRlLWZsb3RhY2lvbjYwMHB4LmpwZyIsInNsaWRlc2hvdyI6ImNmMWExOGUifQ%3D%3D\" href='https:\/\/www.fmiperu.com\/wp-content\/uploads\/2024\/02\/Celda-de-flotacion600px.jpg'><img loading=\"lazy\" decoding=\"async\" width=\"244\" height=\"300\" src=\"https:\/\/www.fmiperu.com\/wp-content\/uploads\/2024\/02\/Celda-de-flotacion600px-244x300.jpg\" class=\"attachment-medium size-medium\" alt=\"\" srcset=\"https:\/\/www.fmiperu.com\/wp-content\/uploads\/2024\/02\/Celda-de-flotacion600px-244x300.jpg 244w, https:\/\/www.fmiperu.com\/wp-content\/uploads\/2024\/02\/Celda-de-flotacion600px.jpg 487w\" sizes=\"(max-width: 244px) 100vw, 244px\" \/><\/a>\n\t\t\t<\/div><\/figure><figure class='gallery-item'>\n\t\t\t<div class='gallery-icon landscape'>\n\t\t\t\t<a data-elementor-open-lightbox=\"yes\" data-elementor-lightbox-slideshow=\"cf1a18e\" data-elementor-lightbox-title=\"Celda de flotaci\u00f3n FMI100 600px\" data-e-action-hash=\"#elementor-action%3Aaction%3Dlightbox%26settings%3DeyJpZCI6MTYwNywidXJsIjoiaHR0cHM6XC9cL3d3dy5mbWlwZXJ1LmNvbVwvd3AtY29udGVudFwvdXBsb2Fkc1wvMjAyNFwvMDJcL0NlbGRhLWRlLWZsb3RhY2lvbi1GTUkxMDAtNjAwcHguanBnIiwic2xpZGVzaG93IjoiY2YxYTE4ZSJ9\" href='https:\/\/www.fmiperu.com\/wp-content\/uploads\/2024\/02\/Celda-de-flotacion-FMI100-600px.jpg'><img loading=\"lazy\" decoding=\"async\" width=\"300\" height=\"169\" src=\"https:\/\/www.fmiperu.com\/wp-content\/uploads\/2024\/02\/Celda-de-flotacion-FMI100-600px-300x169.jpg\" class=\"attachment-medium size-medium\" alt=\"\" srcset=\"https:\/\/www.fmiperu.com\/wp-content\/uploads\/2024\/02\/Celda-de-flotacion-FMI100-600px-300x169.jpg 300w, https:\/\/www.fmiperu.com\/wp-content\/uploads\/2024\/02\/Celda-de-flotacion-FMI100-600px.jpg 600w\" sizes=\"(max-width: 300px) 100vw, 300px\" \/><\/a>\n\t\t\t<\/div><\/figure><figure class='gallery-item'>\n\t\t\t<div class='gallery-icon landscape'>\n\t\t\t\t<a data-elementor-open-lightbox=\"yes\" data-elementor-lightbox-slideshow=\"cf1a18e\" data-elementor-lightbox-title=\"puente Montage 600px\" data-e-action-hash=\"#elementor-action%3Aaction%3Dlightbox%26settings%3DeyJpZCI6MTYwOCwidXJsIjoiaHR0cHM6XC9cL3d3dy5mbWlwZXJ1LmNvbVwvd3AtY29udGVudFwvdXBsb2Fkc1wvMjAyNFwvMDJcL3B1ZW50ZS1Nb250YWdlLTYwMHB4LmpwZyIsInNsaWRlc2hvdyI6ImNmMWExOGUifQ%3D%3D\" href='https:\/\/www.fmiperu.com\/wp-content\/uploads\/2024\/02\/puente-Montage-600px.jpg'><img loading=\"lazy\" decoding=\"async\" width=\"300\" height=\"169\" src=\"https:\/\/www.fmiperu.com\/wp-content\/uploads\/2024\/02\/puente-Montage-600px-300x169.jpg\" class=\"attachment-medium size-medium\" alt=\"\" srcset=\"https:\/\/www.fmiperu.com\/wp-content\/uploads\/2024\/02\/puente-Montage-600px-300x169.jpg 300w, https:\/\/www.fmiperu.com\/wp-content\/uploads\/2024\/02\/puente-Montage-600px.jpg 600w\" sizes=\"(max-width: 300px) 100vw, 300px\" \/><\/a>\n\t\t\t<\/div><\/figure><figure class='gallery-item'>\n\t\t\t<div class='gallery-icon landscape'>\n\t\t\t\t<a data-elementor-open-lightbox=\"yes\" data-elementor-lightbox-slideshow=\"cf1a18e\" data-elementor-lightbox-title=\"FABRICACI\u00d3N Y MONTAJE DE ESTRUCTURAS Y EQUIPOS \u2013 MINERA CASAPALCA600px\" data-e-action-hash=\"#elementor-action%3Aaction%3Dlightbox%26settings%3DeyJpZCI6MTY1NSwidXJsIjoiaHR0cHM6XC9cL3d3dy5mbWlwZXJ1LmNvbVwvd3AtY29udGVudFwvdXBsb2Fkc1wvMjAyNFwvMDJcL0ZBQlJJQ0FDSU9OLVktTU9OVEFKRS1ERS1FU1RSVUNUVVJBUy1ZLUVRVUlQT1MtXHUyMDEzLU1JTkVSQS1DQVNBUEFMQ0E2MDBweC5qcGciLCJzbGlkZXNob3ciOiJjZjFhMThlIn0%3D\" href='https:\/\/www.fmiperu.com\/wp-content\/uploads\/2024\/02\/FABRICACION-Y-MONTAJE-DE-ESTRUCTURAS-Y-EQUIPOS-\u2013-MINERA-CASAPALCA600px.jpg'><img loading=\"lazy\" decoding=\"async\" width=\"300\" height=\"226\" src=\"https:\/\/www.fmiperu.com\/wp-content\/uploads\/2024\/02\/FABRICACION-Y-MONTAJE-DE-ESTRUCTURAS-Y-EQUIPOS-\u2013-MINERA-CASAPALCA600px-300x226.jpg\" class=\"attachment-medium size-medium\" alt=\"\" srcset=\"https:\/\/www.fmiperu.com\/wp-content\/uploads\/2024\/02\/FABRICACION-Y-MONTAJE-DE-ESTRUCTURAS-Y-EQUIPOS-\u2013-MINERA-CASAPALCA600px-300x226.jpg 300w, https:\/\/www.fmiperu.com\/wp-content\/uploads\/2024\/02\/FABRICACION-Y-MONTAJE-DE-ESTRUCTURAS-Y-EQUIPOS-\u2013-MINERA-CASAPALCA600px.jpg 520w\" sizes=\"(max-width: 300px) 100vw, 300px\" \/><\/a>\n\t\t\t<\/div><\/figure>\n\t\t<\/div>\n\t\t<\/div>\n\t\t\t\t\t\t<\/div>\n\t\t\t\t<\/div>\n\t\t\t\t\t<\/div>\n\t\t<\/div>\n\t\t\t\t\t<\/div>\n\t\t<\/section>\n\t\t\t\t\t<\/div>\n\t\t<\/div>\n\t\t\t\t\t<\/div>\n\t\t<\/section>\n\t\t\t\t<\/div>\n\t\t","protected":false},"excerpt":{"rendered":"<p>Servicios Montaje de L\u00edneas Fabricaci\u00f3n de Equipos y Repuestos Realizamos montaje en diversas l\u00edneas de producci\u00f3n como Chancado, Molienda, Flotaci\u00f3n, Filtrado, etc.<\/p>\n","protected":false},"author":1,"featured_media":0,"parent":0,"menu_order":0,"comment_status":"closed","ping_status":"closed","template":"","meta":{"site-sidebar-layout":"no-sidebar","site-content-layout":"page-builder","ast-site-content-layout":"full-width-container","site-content-style":"unboxed","site-sidebar-style":"unboxed","ast-global-header-display":"","ast-banner-title-visibility":"","ast-main-header-display":"","ast-hfb-above-header-display":"","ast-hfb-below-header-display":"","ast-hfb-mobile-header-display":"","site-post-title":"disabled","ast-breadcrumbs-content":"disabled","ast-featured-img":"disabled","footer-sml-layout":"","ast-disable-related-posts":"","theme-transparent-header-meta":"enabled","adv-header-id-meta":"","stick-header-meta":"","header-above-stick-meta":"","header-main-stick-meta":"","header-below-stick-meta":"","astra-migrate-meta-layouts":"set","ast-page-background-enabled":"default","ast-page-background-meta":{"desktop":{"background-color":"var(--ast-global-color-4)","background-image":"","background-repeat":"repeat","background-position":"center center","background-size":"auto","background-attachment":"scroll","background-type":"","background-media":"","overlay-type":"","overlay-color":"","overlay-opacity":"","overlay-gradient":""},"tablet":{"background-color":"","background-image":"","background-repeat":"repeat","background-position":"center center","background-size":"auto","background-attachment":"scroll","background-type":"","background-media":"","overlay-type":"","overlay-color":"","overlay-opacity":"","overlay-gradient":""},"mobile":{"background-color":"","background-image":"","background-repeat":"repeat","background-position":"center center","background-size":"auto","background-attachment":"scroll","background-type":"","background-media":"","overlay-type":"","overlay-color":"","overlay-opacity":"","overlay-gradient":""}},"ast-content-background-meta":{"desktop":{"background-color":"var(--ast-global-color-5)","background-image":"","background-repeat":"repeat","background-position":"center center","background-size":"auto","background-attachment":"scroll","background-type":"","background-media":"","overlay-type":"","overlay-color":"","overlay-opacity":"","overlay-gradient":""},"tablet":{"background-color":"var(--ast-global-color-5)","background-image":"","background-repeat":"repeat","background-position":"center center","background-size":"auto","background-attachment":"scroll","background-type":"","background-media":"","overlay-type":"","overlay-color":"","overlay-opacity":"","overlay-gradient":""},"mobile":{"background-color":"var(--ast-global-color-5)","background-image":"","background-repeat":"repeat","background-position":"center center","background-size":"auto","background-attachment":"scroll","background-type":"","background-media":"","overlay-type":"","overlay-color":"","overlay-opacity":"","overlay-gradient":""}},"footnotes":""},"class_list":["post-1025","page","type-page","status-publish","hentry"],"_links":{"self":[{"href":"https:\/\/www.fmiperu.com\/index.php?rest_route=\/wp\/v2\/pages\/1025","targetHints":{"allow":["GET"]}}],"collection":[{"href":"https:\/\/www.fmiperu.com\/index.php?rest_route=\/wp\/v2\/pages"}],"about":[{"href":"https:\/\/www.fmiperu.com\/index.php?rest_route=\/wp\/v2\/types\/page"}],"author":[{"embeddable":true,"href":"https:\/\/www.fmiperu.com\/index.php?rest_route=\/wp\/v2\/users\/1"}],"replies":[{"embeddable":true,"href":"https:\/\/www.fmiperu.com\/index.php?rest_route=%2Fwp%2Fv2%2Fcomments&post=1025"}],"version-history":[{"count":37,"href":"https:\/\/www.fmiperu.com\/index.php?rest_route=\/wp\/v2\/pages\/1025\/revisions"}],"predecessor-version":[{"id":1658,"href":"https:\/\/www.fmiperu.com\/index.php?rest_route=\/wp\/v2\/pages\/1025\/revisions\/1658"}],"wp:attachment":[{"href":"https:\/\/www.fmiperu.com\/index.php?rest_route=%2Fwp%2Fv2%2Fmedia&parent=1025"}],"curies":[{"name":"wp","href":"https:\/\/api.w.org\/{rel}","templated":true}]}}